{"id":144,"date":"2012-06-18T21:35:36","date_gmt":"2012-06-18T19:35:36","guid":{"rendered":"http:\/\/neuesleben.ch\/notizen\/?page_id=144"},"modified":"2018-07-29T15:21:46","modified_gmt":"2018-07-29T13:21:46","slug":"weiterfuhrende-links","status":"publish","type":"page","link":"https:\/\/neuesleben.ch\/notizen\/?page_id=144","title":{"rendered":"Weiterf\u00fchrende Links"},"content":{"rendered":"<p>F\u00fcr die Inhalte von weiterf\u00fchrenden Links sind die jeweiligen Betreiber verantwortlich. Die dort ausgef\u00fchrten Positionen bzw. weiterf\u00fchrenden Links decken sich nicht immer mit meiner pers\u00f6nlichen Meinung.<\/p>\n<p><iframe loading=\"lazy\" width=\"700\" height=\"500\" frameborder=\"0\" src=\"https:\/\/www.mindmeister.com\/maps\/public_map_shell\/1128807221\/linksammlung-zu-christlichen-themen?width=700&#038;height=500&#038;z=auto&#038;live_update=1&#038;no_share=1\" scrolling=\"no\" style=\"overflow: hidden; margin-bottom: 5px;\">Ihr Browser kann keine Rahmen darstellen. Bitte gehen Sie zu <a href=\"https:\/\/www.mindmeister.com\/1128807221\/linksammlung-zu-christlichen-themen\" target=\"_blank\">Linksammlung zu christlichen Themen<\/a> in MindMeister.<\/iframe><\/p>\n<div class=\"mb-5\"><a href=\"https:\/\/www.mindmeister.com\/1128807221\/linksammlung-zu-christlichen-themen\" target=\"_blank\">Linksammlung zu christlichen Themen<\/a> von <a href=\"https:\/\/www.mindmeister.com\/users\/channel\/159257\" target=\"_blank\">Hansruedi Tremp<\/a><\/div>\n","protected":false},"excerpt":{"rendered":"<p>F\u00fcr die Inhalte von weiterf\u00fchrenden Links sind die jeweiligen Betreiber verantwortlich. Die dort ausgef\u00fchrten Positionen bzw. weiterf\u00fchrenden Links decken sich nicht immer mit meiner pers\u00f6nlichen Meinung. Ihr Browser kann keine Rahmen darstellen. Bitte gehen Sie zu Linksammlung zu christlichen Themen in MindMeister. Linksammlung zu christlichen Themen von Hansruedi Tremp<\/p>\n","protected":false},"author":1,"featured_media":0,"parent":0,"menu_order":0,"comment_status":"closed","ping_status":"closed","template":"","meta":{"footnotes":""},"class_list":["post-144","page","type-page","status-publish","hentry"],"_links":{"self":[{"href":"https:\/\/neuesleben.ch\/notizen\/index.php?rest_route=\/wp\/v2\/pages\/144","targetHints":{"allow":["GET"]}}],"collection":[{"href":"https:\/\/neuesleben.ch\/notizen\/index.php?rest_route=\/wp\/v2\/pages"}],"about":[{"href":"https:\/\/neuesleben.ch\/notizen\/index.php?rest_route=\/wp\/v2\/types\/page"}],"author":[{"embeddable":true,"href":"https:\/\/neuesleben.ch\/notizen\/index.php?rest_route=\/wp\/v2\/users\/1"}],"replies":[{"embeddable":true,"href":"https:\/\/neuesleben.ch\/notizen\/index.php?rest_route=%2Fwp%2Fv2%2Fcomments&post=144"}],"version-history":[{"count":14,"href":"https:\/\/neuesleben.ch\/notizen\/index.php?rest_route=\/wp\/v2\/pages\/144\/revisions"}],"predecessor-version":[{"id":620,"href":"https:\/\/neuesleben.ch\/notizen\/index.php?rest_route=\/wp\/v2\/pages\/144\/revisions\/620"}],"wp:attachment":[{"href":"https:\/\/neuesleben.ch\/notizen\/index.php?rest_route=%2Fwp%2Fv2%2Fmedia&parent=144"}],"curies":[{"name":"wp","href":"https:\/\/api.w.org\/{rel}","templated":true}]}}